{"id":17,"date":"2018-03-22T16:22:25","date_gmt":"2018-03-22T16:22:25","guid":{"rendered":"http:\/\/www.cmuniz.com.uy\/?page_id=17"},"modified":"2021-10-17T20:08:42","modified_gmt":"2021-10-17T20:08:42","slug":"inicio","status":"publish","type":"page","link":"http:\/\/www.cmuniz.com.uy\/en\/","title":{"rendered":""},"content":{"rendered":"<p><span style=\"font-weight: 400;\"><img loading=\"lazy\" class=\"alignnone wp-image-111 size-full\" src=\"http:\/\/www.cmuniz.com.uy\/wp-content\/uploads\/2018\/04\/logocm.jpg\" alt=\"\" width=\"1169\" height=\"292\" \/><br \/>\n<\/span><\/p>\n<p><span style=\"font-weight: 400;\">Being part of the fourth generation of Customs Brokers in Uruguay, the firm\u00a0<strong>Carlos Muniz Morrison\u00a0<\/strong>the firm Carlos Muniz Morrison has maintained the same policy throughout the years and different periods, both morally and ethically, and with the public administration and Uruguayan law, as well as our represented, capturing all updates as required.<\/span><span style=\"font-weight: 400;\"><br \/>\n<\/span><span style=\"font-weight: 400;\"><br \/>\n<\/span><span style=\"font-weight: 400;\"><strong>Carlos Muniz Morrison<\/strong> is an industry benchmark of information and serious execution. Agile and secure, in all that respects to import, export, transit and international commerce. This is the result of a trajectory that, in the amplitude of its services, has been combined with the personalized attention of a family business and the backup of a consolidated and competitive structure of a large-sized company. <\/span><\/p>\n<p><span style=\"font-weight: 400;\">\u00a0<\/span><\/p>\n<p><b>Mission<\/b><\/p>\n<p><span style=\"font-weight: 400;\">We provide all necessary services regarding foreign trade in a serious, agile and responsible way. We combine our services with the acquired knowledge of our trajectory, the warmth of family business and the backup of consolidated and competitive structure. <\/span><\/p>\n<p><b>Vision<\/b><\/p>\n<p><span style=\"font-weight: 400;\">We are industry leaders, and we continue to grow in the foreign trade market while staying current with all changes and updates that arise in the activity. We maintain our role as advisors and collaborators, reaffirming our commercial bonds with an ethic framework, which relates to the moral values of trade. <\/span><\/p>\n<p><b>Quality Policy<\/b><\/p>\n<p><span style=\"font-weight: 400;\">We are a group that offers services related to foreign trade in an integral manner, and within the current legal framework, generating the best possible options for our clients\u2019 interests. Backed by experience, commitment and qualification of our personnel and suppliers, we are constantly seeking for possible improvements in our management, providing a service with ever growing efficiency. <\/span><\/p>\n<p><span style=\"font-weight: 400;\">\u00a0<\/span><\/p>","protected":false},"excerpt":{"rendered":"<p>Siendo parte de la cuarta generaci\u00f3n de Despachantes de Aduana en Uruguay, la firma\u00a0Carlos Muniz Morrison\u00a0ha mantenido a lo largo de los a\u00f1os y frente a los diferentes per\u00edodos, una misma pol\u00edtica, \u00e9tica y moral tanto con la Administraci\u00f3n P\u00fablica y la Legislaci\u00f3n uruguaya, como con nuestros representados, buscando y captando las actualizaciones que la &hellip; <\/p>\n<p class=\"link-more\"><a href=\"http:\/\/www.cmuniz.com.uy\/en\/\" class=\"more-link\">Continue reading<span class=\"screen-reader-text\"> \u00ab\u00bb<\/span><\/a><\/p>","protected":false},"author":1,"featured_media":0,"parent":0,"menu_order":0,"comment_status":"closed","ping_status":"closed","template":"","meta":[],"_links":{"self":[{"href":"http:\/\/www.cmuniz.com.uy\/en\/wp-json\/wp\/v2\/pages\/17"}],"collection":[{"href":"http:\/\/www.cmuniz.com.uy\/en\/wp-json\/wp\/v2\/pages"}],"about":[{"href":"http:\/\/www.cmuniz.com.uy\/en\/wp-json\/wp\/v2\/types\/page"}],"author":[{"embeddable":true,"href":"http:\/\/www.cmuniz.com.uy\/en\/wp-json\/wp\/v2\/users\/1"}],"replies":[{"embeddable":true,"href":"http:\/\/www.cmuniz.com.uy\/en\/wp-json\/wp\/v2\/comments?post=17"}],"version-history":[{"count":46,"href":"http:\/\/www.cmuniz.com.uy\/en\/wp-json\/wp\/v2\/pages\/17\/revisions"}],"predecessor-version":[{"id":464,"href":"http:\/\/www.cmuniz.com.uy\/en\/wp-json\/wp\/v2\/pages\/17\/revisions\/464"}],"wp:attachment":[{"href":"http:\/\/www.cmuniz.com.uy\/en\/wp-json\/wp\/v2\/media?parent=17"}],"curies":[{"name":"wp","href":"https:\/\/api.w.org\/{rel}","templated":true}]}}