{"id":18,"date":"2018-03-22T16:22:25","date_gmt":"2018-03-22T16:22:25","guid":{"rendered":"http:\/\/www.cmuniz.com.uy\/?page_id=18"},"modified":"2021-10-17T20:01:44","modified_gmt":"2021-10-17T20:01:44","slug":"acerca-de-nosotros","status":"publish","type":"page","link":"http:\/\/www.cmuniz.com.uy\/en\/acerca-de-nosotros\/","title":{"rendered":""},"content":{"rendered":"<h1><span style=\"color: #e8bf1a;\">38 YEARS OF EXCELLENCY<br \/>\n<\/span><span style=\"color: #e8bf1a;\">DEDICATED TO FOREIGN TRADE<\/span><\/h1>\n<p><span style=\"font-weight: 400;\">Our legacy of Customs Brokers in Uruguay begins by the end of the 19th century, under the firm<em> Julio Morrison Gorlero.<\/em> \u00a0<\/span><\/p>\n<p><span style=\"font-weight: 400;\">After years of work within this firm <strong>Carlos Muniz Morrison<\/strong> begins his own profile in 1981, which maintains, to this day, world class clients that have showed trust and satisfaction throughout all these years. <\/span><\/p>\n<p><span style=\"font-weight: 400;\">As of the year 2015, the Muniz legacy incorporated a new generation, under the signature of <strong>Bernardo Muniz Vallarino<\/strong>,<\/span><span style=\"font-weight: 400;\"> Bachelor degree in international business and with a Masters degree in International Supply Chain and Logistics Management that gathers the formality of the family business and the sense of incorporating all the contemporary necessities of the sector.<\/span><\/p>\n<p><img loading=\"lazy\" class=\"alignnone wp-image-111 size-full\" src=\"http:\/\/www.cmuniz.com.uy\/wp-content\/uploads\/2018\/04\/logocm.jpg\" alt=\"\" width=\"1169\" height=\"292\" \/><\/p>","protected":false},"excerpt":{"rendered":"<p>A\u00d1OS DE EXCELENCIA DEDICADOS AL COMERCIO EXTERIOR. Nuestro legajo de Despachantes de Aduana en Uruguay da comienzo a fines del siglo XIX, bajo la firma de Julio Morrison Gorlero. \u00a0 Tras a\u00f1os de trabajo en \u00e9sta firma Carlos Muniz Morrison inicia en 1981 su propio perfil, el cual mantiene al d\u00eda de hoy clientes de &hellip; <\/p>\n<p class=\"link-more\"><a href=\"http:\/\/www.cmuniz.com.uy\/en\/acerca-de-nosotros\/\" class=\"more-link\">Continue reading<span class=\"screen-reader-text\"> \u00ab\u00bb<\/span><\/a><\/p>","protected":false},"author":1,"featured_media":53,"parent":0,"menu_order":0,"comment_status":"closed","ping_status":"closed","template":"","meta":[],"_links":{"self":[{"href":"http:\/\/www.cmuniz.com.uy\/en\/wp-json\/wp\/v2\/pages\/18"}],"collection":[{"href":"http:\/\/www.cmuniz.com.uy\/en\/wp-json\/wp\/v2\/pages"}],"about":[{"href":"http:\/\/www.cmuniz.com.uy\/en\/wp-json\/wp\/v2\/types\/page"}],"author":[{"embeddable":true,"href":"http:\/\/www.cmuniz.com.uy\/en\/wp-json\/wp\/v2\/users\/1"}],"replies":[{"embeddable":true,"href":"http:\/\/www.cmuniz.com.uy\/en\/wp-json\/wp\/v2\/comments?post=18"}],"version-history":[{"count":31,"href":"http:\/\/www.cmuniz.com.uy\/en\/wp-json\/wp\/v2\/pages\/18\/revisions"}],"predecessor-version":[{"id":460,"href":"http:\/\/www.cmuniz.com.uy\/en\/wp-json\/wp\/v2\/pages\/18\/revisions\/460"}],"wp:featuredmedia":[{"embeddable":true,"href":"http:\/\/www.cmuniz.com.uy\/en\/wp-json\/wp\/v2\/media\/53"}],"wp:attachment":[{"href":"http:\/\/www.cmuniz.com.uy\/en\/wp-json\/wp\/v2\/media?parent=18"}],"curies":[{"name":"wp","href":"https:\/\/api.w.org\/{rel}","templated":true}]}}